{"id":262,"date":"2025-09-11T11:29:33","date_gmt":"2025-09-11T11:29:33","guid":{"rendered":"https:\/\/andrea-henning.com\/?page_id=262"},"modified":"2026-04-07T14:54:00","modified_gmt":"2026-04-07T14:54:00","slug":"pareja-familiar","status":"publish","type":"page","link":"https:\/\/andrea-henning.com\/de\/pareja-familiar\/","title":{"rendered":"Terapia Pareja &amp; Familiar"},"content":{"rendered":"<div data-elementor-type=\"wp-page\" data-elementor-id=\"262\" class=\"elementor elementor-262\" data-elementor-post-type=\"page\">\n\t\t\t\t<div class=\"elementor-element elementor-element-f509804 e-flex e-con-boxed e-con e-parent\" data-id=\"f509804\" data-element_type=\"container\" data-e-type=\"container\">\n\t\t\t\t\t<div class=\"e-con-inner\">\n\t\t\t\t<div class=\"elementor-element elementor-element-9b6c69a elementor-widget elementor-widget-heading\" data-id=\"9b6c69a\" data-element_type=\"widget\" data-e-type=\"widget\" data-widget_type=\"heading.default\">\n\t\t\t\t\t<h2 class=\"elementor-heading-title elementor-size-default\">PAAR &amp; FAMILIENTHERAPIE<\/h2>\t\t\t\t<\/div>\n\t\t\t\t\t<\/div>\n\t\t\t\t<\/div>\n\t\t<div class=\"elementor-element elementor-element-80bbe4a e-flex e-con-boxed e-con e-parent\" data-id=\"80bbe4a\" data-element_type=\"container\" data-e-type=\"container\" data-settings=\"{&quot;background_background&quot;:&quot;classic&quot;}\">\n\t\t\t\t\t<div class=\"e-con-inner\">\n\t\t\t\t<div class=\"elementor-element elementor-element-7afc8d99 elementor-widget elementor-widget-heading\" data-id=\"7afc8d99\" data-element_type=\"widget\" data-e-type=\"widget\" data-widget_type=\"heading.default\">\n\t\t\t\t\t<h2 class=\"elementor-heading-title elementor-size-default\">\" In der bewussten Begegnung mit unserer Herkunft verwandelt sich Schicksal in Entwicklung\"<\/h2>\t\t\t\t<\/div>\n\t\t\t\t\t<\/div>\n\t\t\t\t<\/div>\n\t\t<div class=\"elementor-element elementor-element-3af070dd e-flex e-con-boxed e-con e-parent\" data-id=\"3af070dd\" data-element_type=\"container\" data-e-type=\"container\">\n\t\t\t\t\t<div class=\"e-con-inner\">\n\t\t<div class=\"elementor-element elementor-element-2556abbd e-con-full e-flex e-con e-child\" data-id=\"2556abbd\" data-element_type=\"container\" data-e-type=\"container\" data-settings=\"{&quot;background_background&quot;:&quot;classic&quot;}\">\n\t\t\t\t<\/div>\n\t\t<div class=\"elementor-element elementor-element-28abed0f e-con-full e-flex e-con e-child\" data-id=\"28abed0f\" data-element_type=\"container\" data-e-type=\"container\">\n\t\t\t\t<div class=\"elementor-element elementor-element-f615436 elementor-widget elementor-widget-text-editor\" data-id=\"f615436\" data-element_type=\"widget\" data-e-type=\"widget\" data-widget_type=\"text-editor.default\">\n\t\t\t\t\t\t\t\t\t<p data-start=\"81\" data-end=\"366\">Paare und Familien begegnen im Laufe ihrer Biographie vielen Herausforderungen, die sich h\u00e4ufig zu schweren Krisen und schwierigen Situationen zusammenspitzen. In den paar- und\/oder familienttherapeutischen Sitzungen k\u00f6nnen festgefahrene Kommunikations- und Interaktionsmuster erkannt und ver\u00e4ndert werden.<\/p><p data-start=\"368\" data-end=\"526\">Grosses Potenzial liegt gerade auch in unserer Verletzlichkeit. Jeder Mensch ist verletzlich und gerade das ist, was uns miteinander verbindet.<\/p><p data-start=\"528\" data-end=\"598\">Methodisch arbeite ich vor allem  mit dem Familienbrett <em data-start=\"577\" data-end=\"595\">tablero familiar<\/em>.<\/p>\t\t\t\t\t\t\t\t<\/div>\n\t\t\t\t<\/div>\n\t\t\t\t\t<\/div>\n\t\t\t\t<\/div>\n\t\t<div class=\"elementor-element elementor-element-3a7ce61a e-flex e-con-boxed e-con e-parent\" data-id=\"3a7ce61a\" data-element_type=\"container\" data-e-type=\"container\">\n\t\t\t\t\t<div class=\"e-con-inner\">\n\t\t\t\t\t<\/div>\n\t\t\t\t<\/div>\n\t\t\t\t<\/div>","protected":false},"excerpt":{"rendered":"<p>TERAPIA DE PAREJA Y FAMILIA \u00abLa vulnerabilidad no es debilidad, es el puente que nos permite a volver a encontrarnos\u00bb Verena K\u00f6nig A lo largo de la vida, las parejas y las familias se enfrentan a numerosos desaf\u00edos que, con frecuencia, desembocan en crisis y situaciones dif\u00edciles. En las sesiones de terapia de pareja y\/o [&hellip;]<\/p>\n","protected":false},"author":1,"featured_media":0,"parent":0,"menu_order":0,"comment_status":"closed","ping_status":"closed","template":"","meta":{"footnotes":""},"class_list":["post-262","page","type-page","status-publish","hentry"],"_links":{"self":[{"href":"https:\/\/andrea-henning.com\/de\/wp-json\/wp\/v2\/pages\/262","targetHints":{"allow":["GET"]}}],"collection":[{"href":"https:\/\/andrea-henning.com\/de\/wp-json\/wp\/v2\/pages"}],"about":[{"href":"https:\/\/andrea-henning.com\/de\/wp-json\/wp\/v2\/types\/page"}],"author":[{"embeddable":true,"href":"https:\/\/andrea-henning.com\/de\/wp-json\/wp\/v2\/users\/1"}],"replies":[{"embeddable":true,"href":"https:\/\/andrea-henning.com\/de\/wp-json\/wp\/v2\/comments?post=262"}],"version-history":[{"count":36,"href":"https:\/\/andrea-henning.com\/de\/wp-json\/wp\/v2\/pages\/262\/revisions"}],"predecessor-version":[{"id":413,"href":"https:\/\/andrea-henning.com\/de\/wp-json\/wp\/v2\/pages\/262\/revisions\/413"}],"wp:attachment":[{"href":"https:\/\/andrea-henning.com\/de\/wp-json\/wp\/v2\/media?parent=262"}],"curies":[{"name":"wp","href":"https:\/\/api.w.org\/{rel}","templated":true}]}}