{"id":270,"date":"2025-09-11T11:39:14","date_gmt":"2025-09-11T11:39:14","guid":{"rendered":"https:\/\/andrea-henning.com\/?page_id=270"},"modified":"2026-04-07T14:49:06","modified_gmt":"2026-04-07T14:49:06","slug":"terapia-individual","status":"publish","type":"page","link":"https:\/\/andrea-henning.com\/de\/terapia-individual\/","title":{"rendered":"Einzelterapie"},"content":{"rendered":"<div data-elementor-type=\"wp-page\" data-elementor-id=\"270\" class=\"elementor elementor-270\" data-elementor-post-type=\"page\">\n\t\t\t\t<div class=\"elementor-element elementor-element-f509804 e-flex e-con-boxed e-con e-parent\" data-id=\"f509804\" data-element_type=\"container\" data-e-type=\"container\">\n\t\t\t\t\t<div class=\"e-con-inner\">\n\t\t\t\t<div class=\"elementor-element elementor-element-9b6c69a elementor-widget elementor-widget-heading\" data-id=\"9b6c69a\" data-element_type=\"widget\" data-e-type=\"widget\" data-widget_type=\"heading.default\">\n\t\t\t\t\t<h2 class=\"elementor-heading-title elementor-size-default\">Einzelterapie<\/h2>\t\t\t\t<\/div>\n\t\t\t\t\t<\/div>\n\t\t\t\t<\/div>\n\t\t<div class=\"elementor-element elementor-element-0d9d11d e-flex e-con-boxed e-con e-parent\" data-id=\"0d9d11d\" data-element_type=\"container\" data-e-type=\"container\" data-settings=\"{&quot;background_background&quot;:&quot;classic&quot;}\">\n\t\t\t\t\t<div class=\"e-con-inner\">\n\t\t\t\t<div class=\"elementor-element elementor-element-70a17ab elementor-widget elementor-widget-heading\" data-id=\"70a17ab\" data-element_type=\"widget\" data-e-type=\"widget\" data-widget_type=\"heading.default\">\n\t\t\t\t\t<h2 class=\"elementor-heading-title elementor-size-default\">\"Liebe braucht Verletzlichkeit und innere St\u00e4rke.\u201c<\/h2>\t\t\t\t<\/div>\n\t\t\t\t\t<\/div>\n\t\t\t\t<\/div>\n\t\t<div class=\"elementor-element elementor-element-1724dca e-flex e-con-boxed e-con e-parent\" data-id=\"1724dca\" data-element_type=\"container\" data-e-type=\"container\">\n\t\t\t\t\t<div class=\"e-con-inner\">\n\t\t<div class=\"elementor-element elementor-element-2775c5f e-con-full e-flex e-con e-child\" data-id=\"2775c5f\" data-element_type=\"container\" data-e-type=\"container\" data-settings=\"{&quot;background_background&quot;:&quot;classic&quot;}\">\n\t\t\t\t<\/div>\n\t\t<div class=\"elementor-element elementor-element-80fa6dc e-con-full e-flex e-con e-child\" data-id=\"80fa6dc\" data-element_type=\"container\" data-e-type=\"container\">\n\t\t\t\t<div class=\"elementor-element elementor-element-f615436 elementor-widget elementor-widget-text-editor\" data-id=\"f615436\" data-element_type=\"widget\" data-e-type=\"widget\" data-widget_type=\"text-editor.default\">\n\t\t\t\t\t\t\t\t\t<p data-start=\"43\" data-end=\"495\" class=\"translation-block\">In einem gesch\u00fctzten Rahmen entsteht durch unsere Begegnung ein Raum f\u00fcr neues Bewusstsein und neue Erkenntnisse.  \nWir erkennen und beleuchten unbewusste, festgefahrene Glaubensmuster und \u00dcberlebensstrategien. Fr\u00fchkindliche Bindungstraumata, aber auch tiefe Verletzungen, die im Verlaufe einer Biographie erfahren wurden,  werden wir vorsichtig ansprechen  und behandeln. Verborgene Familiendynamiken werden dabei auftauchen und k\u00f6nnen dann behandelt und integriert werden.<\/p>\n<p data-start=\"497\" data-end=\"804\">Gemeinsam entdecken wir St\u00e4rken und verborgene Ressourcen, um ganz im Konkreten, Lebensumst\u00e4nde und Beziehungen bewusst und  konstruktiv zu verbessern oder zu ver\u00e4ndern. H\u00e4ufig geht es auch darum, schrittweise zu lernen, Schmerzhaftes bewusst anzunehmen oder zu transformieren und in den Lebensalltag zu integrieren.<\/p>\n<p data-start=\"806\" data-end=\"1027\">Ich wende zur Unterst\u00fctzung des therapeutischen Prozesses diverse, traumasensible Vorgehensweisen, \u00dcbungen und Anwendungen  aus der Systemischen Therapie, der Anthroposophischen Psychotherapie und der traumasensitiven Begleitung an.<\/p>\t\t\t\t\t\t\t\t<\/div>\n\t\t\t\t<\/div>\n\t\t\t\t\t<\/div>\n\t\t\t\t<\/div>\n\t\t<div class=\"elementor-element elementor-element-5144b31 e-flex e-con-boxed e-con e-parent\" data-id=\"5144b31\" data-element_type=\"container\" data-e-type=\"container\">\n\t\t\t\t\t<div class=\"e-con-inner\">\n\t\t\t\t\t<\/div>\n\t\t\t\t<\/div>\n\t\t\t\t<\/div>","protected":false},"excerpt":{"rendered":"<p>Terapia Individual \u00abNo podemos cambiar nada, hasta que lo aceptamos\u00bb Viktor Frankl En un marco protegido, nuestro encuentro crea un espacio para una nueva conciencia y nuevas comprensiones.Reconocemos y ponemos en luz patrones de creencias r\u00edgidas, as\u00ed como estrategias inconscientes de supervivencia. Se abordan con cuidado traumas de apego en la primera infancia, as\u00ed como [&hellip;]<\/p>\n","protected":false},"author":1,"featured_media":0,"parent":0,"menu_order":0,"comment_status":"closed","ping_status":"closed","template":"","meta":{"footnotes":""},"class_list":["post-270","page","type-page","status-publish","hentry"],"_links":{"self":[{"href":"https:\/\/andrea-henning.com\/de\/wp-json\/wp\/v2\/pages\/270","targetHints":{"allow":["GET"]}}],"collection":[{"href":"https:\/\/andrea-henning.com\/de\/wp-json\/wp\/v2\/pages"}],"about":[{"href":"https:\/\/andrea-henning.com\/de\/wp-json\/wp\/v2\/types\/page"}],"author":[{"embeddable":true,"href":"https:\/\/andrea-henning.com\/de\/wp-json\/wp\/v2\/users\/1"}],"replies":[{"embeddable":true,"href":"https:\/\/andrea-henning.com\/de\/wp-json\/wp\/v2\/comments?post=270"}],"version-history":[{"count":18,"href":"https:\/\/andrea-henning.com\/de\/wp-json\/wp\/v2\/pages\/270\/revisions"}],"predecessor-version":[{"id":409,"href":"https:\/\/andrea-henning.com\/de\/wp-json\/wp\/v2\/pages\/270\/revisions\/409"}],"wp:attachment":[{"href":"https:\/\/andrea-henning.com\/de\/wp-json\/wp\/v2\/media?parent=270"}],"curies":[{"name":"wp","href":"https:\/\/api.w.org\/{rel}","templated":true}]}}