{"id":295,"date":"2025-09-11T11:47:37","date_gmt":"2025-09-11T11:47:37","guid":{"rendered":"https:\/\/andrea-henning.com\/?page_id=295"},"modified":"2026-04-07T15:21:39","modified_gmt":"2026-04-07T15:21:39","slug":"seminarios-grupales-continuos","status":"publish","type":"page","link":"https:\/\/andrea-henning.com\/de\/seminarios-grupales-continuos\/","title":{"rendered":"Fortlaufende 1 und 2-j\u00e4hrige Gruppenseminare: \u201cPers\u00f6nliche und soziale Entwicklung\u201d"},"content":{"rendered":"<div data-elementor-type=\"wp-page\" data-elementor-id=\"295\" class=\"elementor elementor-295\" data-elementor-post-type=\"page\">\n\t\t\t\t<div class=\"elementor-element elementor-element-f509804 e-flex e-con-boxed e-con e-parent\" data-id=\"f509804\" data-element_type=\"container\" data-e-type=\"container\">\n\t\t\t\t\t<div class=\"e-con-inner\">\n\t\t\t\t<div class=\"elementor-element elementor-element-9b6c69a elementor-widget elementor-widget-heading\" data-id=\"9b6c69a\" data-element_type=\"widget\" data-e-type=\"widget\" data-widget_type=\"heading.default\">\n\t\t\t\t\t<h2 class=\"elementor-heading-title elementor-size-default\">Fortlaufende 1 und 2-j\u00e4hrige Gruppenseminare: \u201cPers\u00f6nliche und soziale Entwicklung\u201d<\/h2>\t\t\t\t<\/div>\n\t\t\t\t\t<\/div>\n\t\t\t\t<\/div>\n\t\t<div class=\"elementor-element elementor-element-e9fc9bb e-flex e-con-boxed e-con e-parent\" data-id=\"e9fc9bb\" data-element_type=\"container\" data-e-type=\"container\" data-settings=\"{&quot;background_background&quot;:&quot;classic&quot;}\">\n\t\t\t\t\t<div class=\"e-con-inner\">\n\t\t\t\t<div class=\"elementor-element elementor-element-0112442 elementor-widget elementor-widget-heading\" data-id=\"0112442\" data-element_type=\"widget\" data-e-type=\"widget\" data-widget_type=\"heading.default\">\n\t\t\t\t\t<h2 class=\"elementor-heading-title elementor-size-default\">\"Wo Menschen sich achtsam begegnen, kann aus Verletzung Verbundenheit entstehen\"   <\/h2>\t\t\t\t<\/div>\n\t\t\t\t\t<\/div>\n\t\t\t\t<\/div>\n\t\t<div class=\"elementor-element elementor-element-d38b78f e-flex e-con-boxed e-con e-parent\" data-id=\"d38b78f\" data-element_type=\"container\" data-e-type=\"container\">\n\t\t\t\t\t<div class=\"e-con-inner\">\n\t\t\t\t<div class=\"elementor-element elementor-element-11fb383 elementor-widget elementor-widget-image\" data-id=\"11fb383\" data-element_type=\"widget\" data-e-type=\"widget\" data-widget_type=\"image.default\">\n\t\t\t\t\t\t\t\t\t\t\t\t\t\t\t<img fetchpriority=\"high\" decoding=\"async\" width=\"1024\" height=\"683\" src=\"https:\/\/andrea-henning.com\/wp-content\/uploads\/2026\/04\/ChatGPT-Image-7-abr-2026-17_20_50-1024x683.png\" class=\"attachment-large size-large wp-image-423\" alt=\"\" srcset=\"https:\/\/andrea-henning.com\/wp-content\/uploads\/2026\/04\/ChatGPT-Image-7-abr-2026-17_20_50-1024x683.png 1024w, https:\/\/andrea-henning.com\/wp-content\/uploads\/2026\/04\/ChatGPT-Image-7-abr-2026-17_20_50-300x200.png 300w, https:\/\/andrea-henning.com\/wp-content\/uploads\/2026\/04\/ChatGPT-Image-7-abr-2026-17_20_50-768x512.png 768w, https:\/\/andrea-henning.com\/wp-content\/uploads\/2026\/04\/ChatGPT-Image-7-abr-2026-17_20_50-18x12.png 18w, https:\/\/andrea-henning.com\/wp-content\/uploads\/2026\/04\/ChatGPT-Image-7-abr-2026-17_20_50.png 1536w\" sizes=\"(max-width: 1024px) 100vw, 1024px\" \/>\t\t\t\t\t\t\t\t\t\t\t\t\t\t\t<\/div>\n\t\t\t\t\t<\/div>\n\t\t\t\t<\/div>\n\t\t<div class=\"elementor-element elementor-element-5144b31 e-flex e-con-boxed e-con e-parent\" data-id=\"5144b31\" data-element_type=\"container\" data-e-type=\"container\">\n\t\t\t\t\t<div class=\"e-con-inner\">\n\t\t\t\t<div class=\"elementor-element elementor-element-f615436 elementor-widget elementor-widget-text-editor\" data-id=\"f615436\" data-element_type=\"widget\" data-e-type=\"widget\" data-widget_type=\"text-editor.default\">\n\t\t\t\t\t\t\t\t\t<p data-start=\"129\" data-end=\"508\">Bei diversen Fortbildungsseminaren, die ich zur systemischen Familientherapie und zur anthroposophischen Biographiearbeit abhielt, entdeckte ich, dass sich die Teilnehmer  durch die regelm\u00e4ssige Begegnung einer Gruppe mit immer den selben Teilnehmern eine sehr besondere, sehr vertrauensvolle , sich gegenseitig unterst\u00fctzende Beziehung  auch ausserhalb der Kurse entwickelte. Es hat sich dabei eine Art frei gew\u00e4hlte soziale Familie f\u00fcr das t\u00e4gliche Leben entwickelt.<\/p><p data-start=\"510\" data-end=\"639\">In den Kursen werden  \u00fcber einen l\u00e4ngeren Zeitraum hinweg systematisch spezifische Beziehungsmuster beleuchtet :<\/p><ul data-start=\"641\" data-end=\"732\"><li data-start=\"641\" data-end=\"650\"><p data-start=\"643\" data-end=\"650\">Mutter<\/p><\/li><li data-start=\"651\" data-end=\"660\"><p data-start=\"653\" data-end=\"660\">Vater<\/p><\/li><li data-start=\"661\" data-end=\"673\"><p data-start=\"663\" data-end=\"673\">Geschwister<\/p><\/li><li data-start=\"674\" data-end=\"684\"><p data-start=\"676\" data-end=\"684\">Partner\/in<\/p><\/li><li data-start=\"685\" data-end=\"694\"><p data-start=\"687\" data-end=\"694\">Kinder<\/p><\/li><li data-start=\"695\" data-end=\"706\"><p data-start=\"697\" data-end=\"706\">Grosseltern<\/p><\/li><li data-start=\"707\" data-end=\"732\"><p data-start=\"709\" data-end=\"732\">Arbeitskollegen<\/p><\/li><\/ul><p data-start=\"734\" data-end=\"1061\">Damit verbundene Dynamiken, Konflikte und oft tief liegende Verletzungen und Bindungstraumata werden offengelegt.\nWir lernen dabei Traumafolgen, wie ein dysreguliertes Nervensystem, \u00dcberlebens-und Anpassungsstrategien oder Kompensationsmechanismen bei sich selbst und bei den anderen verstehen und anerkennen zu lernen.<\/p><p data-start=\"1063\" data-end=\"1254\">Sowohl aus der neurobiologischen Bindungsforschung als auch aus der Systemische Familientherapie wissen wir, dass das Bed\u00fcrfnis nach Zugeh\u00f6rigkeit und sicherer Bindung ein menschliches, evolutives Bed\u00fcrfnis ist.\nIn diesen Gruppenseminaren geht es darum, die  pers\u00f6nlichen Verletzungen zu heilen, alte Bindungsmuster hinter sich zu lassen und neue, vertrauensvolle, zwischenmenschliche Beziehungen zu entwickeln und zu erfahren.<\/p><p data-start=\"1256\" data-end=\"1445\">El objetivo de estos seminarios grupales es sanar heridas personales, dejar atr\u00e1s antiguos patrones de apego y desarrollar nuevas formas de relaci\u00f3n interpersonal basadas en la confianza.<\/p><p data-start=\"65\" data-end=\"154\"><strong data-start=\"65\" data-end=\"152\">Los seminarios de constelaciones se celebrar\u00e1n en 2026 en las siguientes fechas:<\/strong><\/p><p data-start=\"210\" data-end=\"221\"><strong data-start=\"210\" data-end=\"219\">2026:<\/strong><\/p><ul data-start=\"222\" data-end=\"253\"><li data-start=\"222\" data-end=\"233\"><p data-start=\"224\" data-end=\"233\">Februar<\/p><\/li><li data-start=\"234\" data-end=\"243\"><p data-start=\"236\" data-end=\"243\">April<\/p><\/li><li data-start=\"244\" data-end=\"253\"><p data-start=\"246\" data-end=\"253\">Juni<\/p><\/li><\/ul><p data-start=\"255\" data-end=\"268\"><strong data-start=\"255\" data-end=\"266\">Preise<\/strong><\/p><ul data-start=\"269\" data-end=\"432\"><li data-start=\"269\" data-end=\"375\"><p data-start=\"271\" data-end=\"375\">Aufstellung des eigenen Themas:    140.-<br data-start=\"308\" data-end=\"311\" \/>(50.-E Reservierung 1 Woche vor Stattfindendes Seminars)<\/p><\/li><li data-start=\"376\" data-end=\"413\"><p data-start=\"378\" data-end=\"413\">Teilnahme:    30.-<\/p><\/li><li data-start=\"414\" data-end=\"432\"><p data-start=\"416\" data-end=\"432\">Mittagessen:    15.-E<\/p><\/li><\/ul><hr data-start=\"434\" data-end=\"437\" \/><p data-start=\"439\" data-end=\"522\"><strong data-start=\"439\" data-end=\"520\">Zus\u00e4tzlich werden Aufstellungsseminare zu folgenden Themen angeboten:<\/strong><\/p><p data-start=\"524\" data-end=\"537\"><strong data-start=\"524\" data-end=\"535\">Fechas:<\/strong><\/p><p data-start=\"600\" data-end=\"611\"><strong data-start=\"600\" data-end=\"609\">2026:<\/strong><\/p><ul data-start=\"612\" data-end=\"711\"><li data-start=\"612\" data-end=\"641\"><p data-start=\"614\" data-end=\"641\">Januar: <em data-start=\"621\" data-end=\"639\">\u201cVerzeihen und Schuld\u201d<\/em><\/p><\/li><li data-start=\"642\" data-end=\"684\"><p data-start=\"644\" data-end=\"684\">22 M\u00e4rz: <em data-start=\"657\" data-end=\"682\">\u201cDie Paarbeziehung\u201d<\/em><\/p><\/li><li data-start=\"685\" data-end=\"711\"><p data-start=\"687\" data-end=\"711\">Mai: <em data-start=\"693\" data-end=\"709\">\u201cDie Scham\u201d<\/em><\/p><\/li><\/ul><p data-start=\"713\" data-end=\"727\"><strong data-start=\"713\" data-end=\"725\">Uhrzeit<\/strong><\/p><ul data-start=\"728\" data-end=\"768\"><li data-start=\"728\" data-end=\"744\"><p data-start=\"730\" data-end=\"744\">Beginn: 9:30<\/p><\/li><li data-start=\"745\" data-end=\"768\"><p data-start=\"747\" data-end=\"768\">Ende: 19:30<\/p><\/li><\/ul><p data-start=\"770\" data-end=\"859\"><strong data-start=\"770\" data-end=\"781\">Preise<\/strong> 140.-E  ( 50.E Reservierung 1 Woche vor Stattfinden des Seminars)<br data-start=\"836\" data-end=\"839\" \/><strong data-start=\"839\" data-end=\"852\">Mittagessen:    15.-E<\/strong> 15 \u20ac<\/p><hr data-start=\"861\" data-end=\"864\" \/><p data-start=\"866\" data-end=\"963\"><strong data-start=\"866\" data-end=\"887\">Veranstaltungsort:<\/strong><br data-start=\"887\" data-end=\"890\" \/>Casa Rural <em data-start=\"901\" data-end=\"913\">La Alameda<\/em><br data-start=\"913\" data-end=\"916\" \/>Av. Andaluc\u00eda s\/n<br data-start=\"933\" data-end=\"936\" \/>45710 Madridejos (Toledo)<\/p><p data-start=\"965\" data-end=\"997\"><strong data-start=\"965\" data-end=\"995\">Anmeldung und Info:<\/strong><\/p><ul data-start=\"998\" data-end=\"1059\"><li data-start=\"998\" data-end=\"1027\"><p data-start=\"1000\" data-end=\"1027\">Amelia C\u00e9sar: 616 994 449<\/p><\/li><li data-start=\"1028\" data-end=\"1059\"><p data-start=\"1030\" data-end=\"1059\">Andrea Henning: 646 584 195<\/p><\/li><\/ul>\t\t\t\t\t\t\t\t<\/div>\n\t\t\t\t\t<\/div>\n\t\t\t\t<\/div>\n\t\t\t\t<\/div>","protected":false},"excerpt":{"rendered":"<p>Seminarios grupales continuos de 1 y 2 a\u00f1os: \u201cDesarrollo personal y social\u201d \u00abEn el encuentro con el otro, nos descubrimos y nos transformamos.\u201d En diversos seminarios de formaci\u00f3n que impart\u00ed sobre terapia familiar sist\u00e9mica y trabajo biogr\u00e1fico antropos\u00f3fico, observ\u00e9 que, gracias al encuentro regular con los mismos participantes, surg\u00edan v\u00ednculos muy especiales de confianza y [&hellip;]<\/p>\n","protected":false},"author":1,"featured_media":0,"parent":0,"menu_order":0,"comment_status":"closed","ping_status":"closed","template":"","meta":{"footnotes":""},"class_list":["post-295","page","type-page","status-publish","hentry"],"_links":{"self":[{"href":"https:\/\/andrea-henning.com\/de\/wp-json\/wp\/v2\/pages\/295","targetHints":{"allow":["GET"]}}],"collection":[{"href":"https:\/\/andrea-henning.com\/de\/wp-json\/wp\/v2\/pages"}],"about":[{"href":"https:\/\/andrea-henning.com\/de\/wp-json\/wp\/v2\/types\/page"}],"author":[{"embeddable":true,"href":"https:\/\/andrea-henning.com\/de\/wp-json\/wp\/v2\/users\/1"}],"replies":[{"embeddable":true,"href":"https:\/\/andrea-henning.com\/de\/wp-json\/wp\/v2\/comments?post=295"}],"version-history":[{"count":16,"href":"https:\/\/andrea-henning.com\/de\/wp-json\/wp\/v2\/pages\/295\/revisions"}],"predecessor-version":[{"id":426,"href":"https:\/\/andrea-henning.com\/de\/wp-json\/wp\/v2\/pages\/295\/revisions\/426"}],"wp:attachment":[{"href":"https:\/\/andrea-henning.com\/de\/wp-json\/wp\/v2\/media?parent=295"}],"curies":[{"name":"wp","href":"https:\/\/api.w.org\/{rel}","templated":true}]}}